{"id":9318,"date":"2026-02-27T16:54:36","date_gmt":"2026-02-27T14:54:36","guid":{"rendered":"https:\/\/craftandconcept.ch\/?page_id=9318"},"modified":"2026-04-20T15:36:21","modified_gmt":"2026-04-20T12:36:21","slug":"architecte-gstaad","status":"publish","type":"page","link":"https:\/\/craftandconcept.ch\/fr\/nos-services\/architecte-gstaad\/","title":{"rendered":"Design d&rsquo;int\u00e9rieur et architecte \u00e0 Gstaad : chalets, villas et int\u00e9rieurs d&rsquo;exception"},"content":{"rendered":"","protected":false},"excerpt":{"rendered":"","protected":false},"author":8,"featured_media":0,"parent":8850,"menu_order":19,"comment_status":"closed","ping_status":"closed","template":"service-subpages-new.php","meta":{"footnotes":""},"class_list":["post-9318","page","type-page","status-publish","hentry"],"_links":{"self":[{"href":"https:\/\/craftandconcept.ch\/fr\/wp-json\/wp\/v2\/pages\/9318","targetHints":{"allow":["GET"]}}],"collection":[{"href":"https:\/\/craftandconcept.ch\/fr\/wp-json\/wp\/v2\/pages"}],"about":[{"href":"https:\/\/craftandconcept.ch\/fr\/wp-json\/wp\/v2\/types\/page"}],"author":[{"embeddable":true,"href":"https:\/\/craftandconcept.ch\/fr\/wp-json\/wp\/v2\/users\/8"}],"replies":[{"embeddable":true,"href":"https:\/\/craftandconcept.ch\/fr\/wp-json\/wp\/v2\/comments?post=9318"}],"version-history":[{"count":12,"href":"https:\/\/craftandconcept.ch\/fr\/wp-json\/wp\/v2\/pages\/9318\/revisions"}],"predecessor-version":[{"id":11092,"href":"https:\/\/craftandconcept.ch\/fr\/wp-json\/wp\/v2\/pages\/9318\/revisions\/11092"}],"up":[{"embeddable":true,"href":"https:\/\/craftandconcept.ch\/fr\/wp-json\/wp\/v2\/pages\/8850"}],"wp:attachment":[{"href":"https:\/\/craftandconcept.ch\/fr\/wp-json\/wp\/v2\/media?parent=9318"}],"curies":[{"name":"wp","href":"https:\/\/api.w.org\/{rel}","templated":true}]}}